{"id":52,"date":"2017-04-29T17:09:38","date_gmt":"2017-04-29T14:09:38","guid":{"rendered":"http:\/\/mekamermer.com\/?page_id=52"},"modified":"2017-05-30T11:08:49","modified_gmt":"2017-05-30T08:08:49","slug":"traverten","status":"publish","type":"page","link":"http:\/\/mekamermer.com\/index.php\/traverten\/","title":{"rendered":"Traverten"},"content":{"rendered":"<div id=\"envira-gallery-wrap-183\" class=\"envira-gallery-wrap envira-gallery-theme-base envira-lightbox-theme-base\" itemscope itemtype=\"https:\/\/schema.org\/ImageGallery\"><div data-row-height=\"150\" data-gallery-theme=\"normal\" id=\"envira-gallery-183\" class=\"envira-gallery-public envira-gallery-justified-public envira-gallery-0-columns envira-clear enviratope envira-gallery-css-animations\" data-envira-columns=\"0\"><div id=\"envira-gallery-item-217\" class=\"envira-gallery-item enviratope-item envira-gallery-item-1 envira-lazy-load\" style=\"padding-left: 5px; padding-bottom: 10px; padding-right: 5px;\"  itemscope itemtype=\"https:\/\/schema.org\/ImageObject\"><div class=\"envira-gallery-item-inner\"><div class=\"envira-gallery-position-overlay  envira-gallery-top-left\"><\/div><div class=\"envira-gallery-position-overlay  envira-gallery-top-right\"><\/div><div class=\"envira-gallery-position-overlay  envira-gallery-bottom-left\"><\/div><div class=\"envira-gallery-position-overlay  envira-gallery-bottom-right\"><\/div><a href=\"http:\/\/mekamermer.com\/wp-content\/uploads\/2017\/07\/DEN\u0130ZL\u0130TRAVERTEN\u0130.jpg\" class=\"envira-gallery-183 envira-gallery-link\" rel=\"enviragallery183\" title=\"DEN\u0130ZL\u0130 TRAVERTEN\u0130\" data-envira-caption=\"DEN\u0130ZL\u0130 TRAVERTEN\u0130\" data-envira-retina=\"\" data-thumbnail=\"\"  itemprop=\"contentUrl\"><img decoding=\"async\" id=\"envira-gallery-image-217\" class=\"envira-gallery-image envira-gallery-image-1 envira-normal envira-lazy\" data-envira-index=\"1\" src=\"http:\/\/mekamermer.com\/wp-content\/uploads\/2017\/07\/DEN\u0130ZL\u0130TRAVERTEN\u0130-640x480.jpg\" data-envira-src=\"http:\/\/mekamermer.com\/wp-content\/uploads\/2017\/07\/DEN\u0130ZL\u0130TRAVERTEN\u0130-640x480.jpg\" data-envira-gallery-id=\"183\" data-envira-item-id=\"217\" data-envira-caption=\"DEN\u0130ZL\u0130 TRAVERTEN\u0130\" alt=\"Traverten | Denizli\" title=\"DEN\u0130ZL\u0130 TRAVERTEN\u0130\"  itemprop=\"thumbnailUrl\" data-envira-srcset=\"http:\/\/mekamermer.com\/wp-content\/uploads\/2017\/07\/DEN\u0130ZL\u0130TRAVERTEN\u0130-640x480.jpg 400w,http:\/\/mekamermer.com\/wp-content\/uploads\/2017\/07\/DEN\u0130ZL\u0130TRAVERTEN\u0130-640x480.jpg 2x\" data-envira-width=\"300\" data-envira-height=\"263\" srcset=\"data:image\/gif;base64,R0lGODlhAQABAIAAAP\/\/\/\/\/\/\/yH5BAEKAAEALAAAAAABAAEAAAICTAEAOw==\" data-safe-src=\"data:image\/gif;base64,R0lGODlhAQABAIAAAP\/\/\/\/\/\/\/yH5BAEKAAEALAAAAAABAAEAAAICTAEAOw==\" \/><\/a><\/div><\/div><div id=\"envira-gallery-item-222\" class=\"envira-gallery-item enviratope-item envira-gallery-item-2 envira-lazy-load\" style=\"padding-left: 5px; padding-bottom: 10px; padding-right: 5px;\"  itemscope itemtype=\"https:\/\/schema.org\/ImageObject\"><div class=\"envira-gallery-item-inner\"><div class=\"envira-gallery-position-overlay  envira-gallery-top-left\"><\/div><div class=\"envira-gallery-position-overlay  envira-gallery-top-right\"><\/div><div class=\"envira-gallery-position-overlay  envira-gallery-bottom-left\"><\/div><div class=\"envira-gallery-position-overlay  envira-gallery-bottom-right\"><\/div><a href=\"http:\/\/mekamermer.com\/wp-content\/uploads\/2017\/07\/YELLOW.jpg\" class=\"envira-gallery-183 envira-gallery-link\" rel=\"enviragallery183\" title=\"YELLOW\" data-envira-caption=\"YELLOW\" data-envira-retina=\"\" data-thumbnail=\"\"  itemprop=\"contentUrl\"><img decoding=\"async\" id=\"envira-gallery-image-222\" class=\"envira-gallery-image envira-gallery-image-2 envira-normal envira-lazy\" data-envira-index=\"2\" src=\"http:\/\/mekamermer.com\/wp-content\/uploads\/2017\/07\/YELLOW-640x480.jpg\" data-envira-src=\"http:\/\/mekamermer.com\/wp-content\/uploads\/2017\/07\/YELLOW-640x480.jpg\" data-envira-gallery-id=\"183\" data-envira-item-id=\"222\" data-envira-caption=\"YELLOW\" alt=\"Traverten | Yellow\" title=\"YELLOW\"  itemprop=\"thumbnailUrl\" data-envira-srcset=\"http:\/\/mekamermer.com\/wp-content\/uploads\/2017\/07\/YELLOW-640x480.jpg 400w,http:\/\/mekamermer.com\/wp-content\/uploads\/2017\/07\/YELLOW-640x480.jpg 2x\" data-envira-width=\"300\" data-envira-height=\"263\" srcset=\"data:image\/gif;base64,R0lGODlhAQABAIAAAP\/\/\/\/\/\/\/yH5BAEKAAEALAAAAAABAAEAAAICTAEAOw==\" data-safe-src=\"data:image\/gif;base64,R0lGODlhAQABAIAAAP\/\/\/\/\/\/\/yH5BAEKAAEALAAAAAABAAEAAAICTAEAOw==\" \/><\/a><\/div><\/div><div id=\"envira-gallery-item-221\" class=\"envira-gallery-item enviratope-item envira-gallery-item-3 envira-lazy-load\" style=\"padding-left: 5px; padding-bottom: 10px; padding-right: 5px;\"  itemscope itemtype=\"https:\/\/schema.org\/ImageObject\"><div class=\"envira-gallery-item-inner\"><div class=\"envira-gallery-position-overlay  envira-gallery-top-left\"><\/div><div class=\"envira-gallery-position-overlay  envira-gallery-top-right\"><\/div><div class=\"envira-gallery-position-overlay  envira-gallery-bottom-left\"><\/div><div class=\"envira-gallery-position-overlay  envira-gallery-bottom-right\"><\/div><a href=\"http:\/\/mekamermer.com\/wp-content\/uploads\/2017\/07\/WALNUT.jpg\" class=\"envira-gallery-183 envira-gallery-link\" rel=\"enviragallery183\" title=\"WALNUT\" data-envira-caption=\"WALNUT\" data-envira-retina=\"\" data-thumbnail=\"\"  itemprop=\"contentUrl\"><img decoding=\"async\" id=\"envira-gallery-image-221\" class=\"envira-gallery-image envira-gallery-image-3 envira-normal envira-lazy\" data-envira-index=\"3\" src=\"http:\/\/mekamermer.com\/wp-content\/uploads\/2017\/07\/WALNUT-640x480.jpg\" data-envira-src=\"http:\/\/mekamermer.com\/wp-content\/uploads\/2017\/07\/WALNUT-640x480.jpg\" data-envira-gallery-id=\"183\" data-envira-item-id=\"221\" data-envira-caption=\"WALNUT\" alt=\"Traverten | Walnut\" title=\"WALNUT\"  itemprop=\"thumbnailUrl\" data-envira-srcset=\"http:\/\/mekamermer.com\/wp-content\/uploads\/2017\/07\/WALNUT-640x480.jpg 400w,http:\/\/mekamermer.com\/wp-content\/uploads\/2017\/07\/WALNUT-640x480.jpg 2x\" data-envira-width=\"300\" data-envira-height=\"263\" srcset=\"data:image\/gif;base64,R0lGODlhAQABAIAAAP\/\/\/\/\/\/\/yH5BAEKAAEALAAAAAABAAEAAAICTAEAOw==\" data-safe-src=\"data:image\/gif;base64,R0lGODlhAQABAIAAAP\/\/\/\/\/\/\/yH5BAEKAAEALAAAAAABAAEAAAICTAEAOw==\" \/><\/a><\/div><\/div><div id=\"envira-gallery-item-220\" class=\"envira-gallery-item enviratope-item envira-gallery-item-4 envira-lazy-load\" style=\"padding-left: 5px; padding-bottom: 10px; padding-right: 5px;\"  itemscope itemtype=\"https:\/\/schema.org\/ImageObject\"><div class=\"envira-gallery-item-inner\"><div class=\"envira-gallery-position-overlay  envira-gallery-top-left\"><\/div><div class=\"envira-gallery-position-overlay  envira-gallery-top-right\"><\/div><div class=\"envira-gallery-position-overlay  envira-gallery-bottom-left\"><\/div><div class=\"envira-gallery-position-overlay  envira-gallery-bottom-right\"><\/div><a href=\"http:\/\/mekamermer.com\/wp-content\/uploads\/2017\/07\/NOCE.jpg\" class=\"envira-gallery-183 envira-gallery-link\" rel=\"enviragallery183\" title=\"NOCE\" data-envira-caption=\"NOCE\" data-envira-retina=\"\" data-thumbnail=\"\"  itemprop=\"contentUrl\"><img decoding=\"async\" id=\"envira-gallery-image-220\" class=\"envira-gallery-image envira-gallery-image-4 envira-normal envira-lazy\" data-envira-index=\"4\" src=\"http:\/\/mekamermer.com\/wp-content\/uploads\/2017\/07\/NOCE-640x480.jpg\" data-envira-src=\"http:\/\/mekamermer.com\/wp-content\/uploads\/2017\/07\/NOCE-640x480.jpg\" data-envira-gallery-id=\"183\" data-envira-item-id=\"220\" data-envira-caption=\"NOCE\" alt=\"Traverten | Noce\" title=\"NOCE\"  itemprop=\"thumbnailUrl\" data-envira-srcset=\"http:\/\/mekamermer.com\/wp-content\/uploads\/2017\/07\/NOCE-640x480.jpg 400w,http:\/\/mekamermer.com\/wp-content\/uploads\/2017\/07\/NOCE-640x480.jpg 2x\" data-envira-width=\"300\" data-envira-height=\"263\" srcset=\"data:image\/gif;base64,R0lGODlhAQABAIAAAP\/\/\/\/\/\/\/yH5BAEKAAEALAAAAAABAAEAAAICTAEAOw==\" data-safe-src=\"data:image\/gif;base64,R0lGODlhAQABAIAAAP\/\/\/\/\/\/\/yH5BAEKAAEALAAAAAABAAEAAAICTAEAOw==\" \/><\/a><\/div><\/div><div id=\"envira-gallery-item-219\" class=\"envira-gallery-item enviratope-item envira-gallery-item-5 envira-lazy-load\" style=\"padding-left: 5px; padding-bottom: 10px; padding-right: 5px;\"  itemscope itemtype=\"https:\/\/schema.org\/ImageObject\"><div class=\"envira-gallery-item-inner\"><div class=\"envira-gallery-position-overlay  envira-gallery-top-left\"><\/div><div class=\"envira-gallery-position-overlay  envira-gallery-top-right\"><\/div><div class=\"envira-gallery-position-overlay  envira-gallery-bottom-left\"><\/div><div class=\"envira-gallery-position-overlay  envira-gallery-bottom-right\"><\/div><a href=\"http:\/\/mekamermer.com\/wp-content\/uploads\/2017\/07\/MEDIUM.jpg\" class=\"envira-gallery-183 envira-gallery-link\" rel=\"enviragallery183\" title=\"MEDIUM\" data-envira-caption=\"MEDIUM\" data-envira-retina=\"\" data-thumbnail=\"\"  itemprop=\"contentUrl\"><img decoding=\"async\" id=\"envira-gallery-image-219\" class=\"envira-gallery-image envira-gallery-image-5 envira-normal envira-lazy\" data-envira-index=\"5\" src=\"http:\/\/mekamermer.com\/wp-content\/uploads\/2017\/07\/MEDIUM-640x480.jpg\" data-envira-src=\"http:\/\/mekamermer.com\/wp-content\/uploads\/2017\/07\/MEDIUM-640x480.jpg\" data-envira-gallery-id=\"183\" data-envira-item-id=\"219\" data-envira-caption=\"MEDIUM\" alt=\"Traverten | Medium\" title=\"MEDIUM\"  itemprop=\"thumbnailUrl\" data-envira-srcset=\"http:\/\/mekamermer.com\/wp-content\/uploads\/2017\/07\/MEDIUM-640x480.jpg 400w,http:\/\/mekamermer.com\/wp-content\/uploads\/2017\/07\/MEDIUM-640x480.jpg 2x\" data-envira-width=\"300\" data-envira-height=\"263\" srcset=\"data:image\/gif;base64,R0lGODlhAQABAIAAAP\/\/\/\/\/\/\/yH5BAEKAAEALAAAAAABAAEAAAICTAEAOw==\" data-safe-src=\"data:image\/gif;base64,R0lGODlhAQABAIAAAP\/\/\/\/\/\/\/yH5BAEKAAEALAAAAAABAAEAAAICTAEAOw==\" \/><\/a><\/div><\/div><div id=\"envira-gallery-item-218\" class=\"envira-gallery-item enviratope-item envira-gallery-item-6 envira-lazy-load\" style=\"padding-left: 5px; padding-bottom: 10px; padding-right: 5px;\"  itemscope itemtype=\"https:\/\/schema.org\/ImageObject\"><div class=\"envira-gallery-item-inner\"><div class=\"envira-gallery-position-overlay  envira-gallery-top-left\"><\/div><div class=\"envira-gallery-position-overlay  envira-gallery-top-right\"><\/div><div class=\"envira-gallery-position-overlay  envira-gallery-bottom-left\"><\/div><div class=\"envira-gallery-position-overlay  envira-gallery-bottom-right\"><\/div><a href=\"http:\/\/mekamermer.com\/wp-content\/uploads\/2017\/07\/LIGHT.jpg\" class=\"envira-gallery-183 envira-gallery-link\" rel=\"enviragallery183\" title=\"LIGHT\" data-envira-caption=\"LIGHT\" data-envira-retina=\"\" data-thumbnail=\"\"  itemprop=\"contentUrl\"><img decoding=\"async\" id=\"envira-gallery-image-218\" class=\"envira-gallery-image envira-gallery-image-6 envira-normal envira-lazy\" data-envira-index=\"6\" src=\"http:\/\/mekamermer.com\/wp-content\/uploads\/2017\/07\/LIGHT-640x480.jpg\" data-envira-src=\"http:\/\/mekamermer.com\/wp-content\/uploads\/2017\/07\/LIGHT-640x480.jpg\" data-envira-gallery-id=\"183\" data-envira-item-id=\"218\" data-envira-caption=\"LIGHT\" alt=\"Traverten | Light\" title=\"LIGHT\"  itemprop=\"thumbnailUrl\" data-envira-srcset=\"http:\/\/mekamermer.com\/wp-content\/uploads\/2017\/07\/LIGHT-640x480.jpg 400w,http:\/\/mekamermer.com\/wp-content\/uploads\/2017\/07\/LIGHT-640x480.jpg 2x\" data-envira-width=\"300\" data-envira-height=\"263\" srcset=\"data:image\/gif;base64,R0lGODlhAQABAIAAAP\/\/\/\/\/\/\/yH5BAEKAAEALAAAAAABAAEAAAICTAEAOw==\" data-safe-src=\"data:image\/gif;base64,R0lGODlhAQABAIAAAP\/\/\/\/\/\/\/yH5BAEKAAEALAAAAAABAAEAAAICTAEAOw==\" \/><\/a><\/div><\/div><\/div><\/div><noscript><img decoding=\"async\" src=\"http:\/\/mekamermer.com\/wp-content\/uploads\/2017\/07\/DEN\u0130ZL\u0130TRAVERTEN\u0130.jpg\" alt=\"Traverten | Denizli\" \/><img decoding=\"async\" src=\"http:\/\/mekamermer.com\/wp-content\/uploads\/2017\/07\/YELLOW.jpg\" alt=\"Traverten | Yellow\" \/><img decoding=\"async\" src=\"http:\/\/mekamermer.com\/wp-content\/uploads\/2017\/07\/WALNUT.jpg\" alt=\"Traverten | Walnut\" \/><img decoding=\"async\" src=\"http:\/\/mekamermer.com\/wp-content\/uploads\/2017\/07\/NOCE.jpg\" alt=\"Traverten | Noce\" \/><img decoding=\"async\" src=\"http:\/\/mekamermer.com\/wp-content\/uploads\/2017\/07\/MEDIUM.jpg\" alt=\"Traverten | Medium\" \/><img decoding=\"async\" src=\"http:\/\/mekamermer.com\/wp-content\/uploads\/2017\/07\/LIGHT.jpg\" alt=\"Traverten | Light\" \/><\/noscript>\n","protected":false},"excerpt":{"rendered":"","protected":false},"author":1,"featured_media":0,"parent":0,"menu_order":0,"comment_status":"closed","ping_status":"closed","template":"","meta":{"footnotes":""},"class_list":["post-52","page","type-page","status-publish","hentry"],"_links":{"self":[{"href":"http:\/\/mekamermer.com\/index.php\/wp-json\/wp\/v2\/pages\/52","targetHints":{"allow":["GET"]}}],"collection":[{"href":"http:\/\/mekamermer.com\/index.php\/wp-json\/wp\/v2\/pages"}],"about":[{"href":"http:\/\/mekamermer.com\/index.php\/wp-json\/wp\/v2\/types\/page"}],"author":[{"embeddable":true,"href":"http:\/\/mekamermer.com\/index.php\/wp-json\/wp\/v2\/users\/1"}],"replies":[{"embeddable":true,"href":"http:\/\/mekamermer.com\/index.php\/wp-json\/wp\/v2\/comments?post=52"}],"version-history":[{"count":7,"href":"http:\/\/mekamermer.com\/index.php\/wp-json\/wp\/v2\/pages\/52\/revisions"}],"predecessor-version":[{"id":186,"href":"http:\/\/mekamermer.com\/index.php\/wp-json\/wp\/v2\/pages\/52\/revisions\/186"}],"wp:attachment":[{"href":"http:\/\/mekamermer.com\/index.php\/wp-json\/wp\/v2\/media?parent=52"}],"curies":[{"name":"wp","href":"https:\/\/api.w.org\/{rel}","templated":true}]}}