{"id":17,"date":"2017-04-29T17:05:01","date_gmt":"2017-04-29T14:05:01","guid":{"rendered":"http:\/\/mekamermer.com\/?page_id=17"},"modified":"2017-07-31T13:50:16","modified_gmt":"2017-07-31T10:50:16","slug":"hakkimizda","status":"publish","type":"page","link":"http:\/\/mekamermer.com\/index.php\/hakkimizda\/","title":{"rendered":"Hakk\u0131m\u0131zda"},"content":{"rendered":"<h5><strong>MEKA MERMER &amp; GRAN\u0130T, KURULDU\u011eU \u0130LK G\u00dcNDEN \u0130T\u0130BAREN, SEKT\u00d6RE YILLARINI VERM\u0130\u015e USTALAR, VE \u0130DAR\u0130 PERSONEL\u0130N\u0130N YANI SIRA EN SON TEKNOLOJ\u0130 \u0130\u015eLEME MAK\u0130NALARI \u0130LE \u201cEN G\u00dcZEL\u201d \u0130\u00c7\u0130N \u00c7ALI\u015eMAKTADIR.<\/strong><\/h5>\n","protected":false},"excerpt":{"rendered":"<p>MEKA MERMER &amp; GRAN\u0130T, KURULDU\u011eU \u0130LK G\u00dcNDEN \u0130T\u0130BAREN, SEKT\u00d6RE YILLARINI VERM\u0130\u015e USTALAR, VE \u0130DAR\u0130 PERSONEL\u0130N\u0130N YANI SIRA EN SON TEKNOLOJ\u0130 \u0130\u015eLEME MAK\u0130NALARI \u0130LE \u201cEN G\u00dcZEL\u201d \u0130\u00c7\u0130N \u00c7ALI\u015eMAKTADIR.<\/p>\n","protected":false},"author":1,"featured_media":283,"parent":0,"menu_order":0,"comment_status":"closed","ping_status":"closed","template":"","meta":{"footnotes":""},"class_list":["post-17","page","type-page","status-publish","has-post-thumbnail","hentry"],"_links":{"self":[{"href":"http:\/\/mekamermer.com\/index.php\/wp-json\/wp\/v2\/pages\/17","targetHints":{"allow":["GET"]}}],"collection":[{"href":"http:\/\/mekamermer.com\/index.php\/wp-json\/wp\/v2\/pages"}],"about":[{"href":"http:\/\/mekamermer.com\/index.php\/wp-json\/wp\/v2\/types\/page"}],"author":[{"embeddable":true,"href":"http:\/\/mekamermer.com\/index.php\/wp-json\/wp\/v2\/users\/1"}],"replies":[{"embeddable":true,"href":"http:\/\/mekamermer.com\/index.php\/wp-json\/wp\/v2\/comments?post=17"}],"version-history":[{"count":7,"href":"http:\/\/mekamermer.com\/index.php\/wp-json\/wp\/v2\/pages\/17\/revisions"}],"predecessor-version":[{"id":209,"href":"http:\/\/mekamermer.com\/index.php\/wp-json\/wp\/v2\/pages\/17\/revisions\/209"}],"wp:featuredmedia":[{"embeddable":true,"href":"http:\/\/mekamermer.com\/index.php\/wp-json\/wp\/v2\/media\/283"}],"wp:attachment":[{"href":"http:\/\/mekamermer.com\/index.php\/wp-json\/wp\/v2\/media?parent=17"}],"curies":[{"name":"wp","href":"https:\/\/api.w.org\/{rel}","templated":true}]}}